{"id":1054,"date":"2019-12-13T10:45:07","date_gmt":"2019-12-13T09:45:07","guid":{"rendered":"http:\/\/maresmecontinuum.cat\/?page_id=1054"},"modified":"2021-01-15T14:13:08","modified_gmt":"2021-01-15T13:13:08","slug":"altres-serveis","status":"publish","type":"page","link":"https:\/\/maresmecontinuum.cat\/es\/altres-serveis\/","title":{"rendered":"OTROS SERVICIOS"},"content":{"rendered":"<p><div class=\"fusion-fullwidth fullwidth-box fusion-builder-row-3 nonhundred-percent-fullwidth non-hundred-percent-height-scrolling\" style=\"--awb-border-radius-top-left:0px;--awb-border-radius-top-right:0px;--awb-border-radius-bottom-right:0px;--awb-border-radius-bottom-left:0px;--awb-margin-top:45px;--awb-flex-wrap:wrap;\" ><div class=\"fusion-builder-row fusion-row\"><div class=\"fusion-layout-column fusion_builder_column fusion-builder-column-7 fusion_builder_column_1_3 1_3 fusion-one-third fusion-column-first\" style=\"--awb-bg-size:cover;width:33.333333333333%;width:calc(33.333333333333% - ( ( 4% + 4% ) * 0.33333333333333 ) );margin-right: 4%;\"><div class=\"fusion-column-wrapper fusion-column-has-shadow fusion-flex-column-wrapper-legacy\"><div class=\"fusion-title title fusion-title-7 fusion-sep-none fusion-title-text fusion-title-size-one\"><h1 class=\"fusion-title-heading title-heading-left\" style=\"margin:0;\"><h2 class=\"titol_nivell_1\"><strong>REHABILITACI\u00d3N PSICOSOCIAL<\/strong><\/h2><\/h1><\/div><div class=\"fusion-text fusion-text-7\"><p><span class=\"resaltat_nivell_2\">Programas dirigidos a mejorar la autonom\u00eda psicol\u00f3gica y social del usuario, tanto en la vivienda, como en la vinculaci\u00f3n en actividades del propio municipio.<\/span><\/p>\n<p><span style=\"color: #c2143c;\">\u25ba<\/span> Servicios de Rehabilitaci\u00f3n Comunitaria<\/p>\n<p><span style=\"color: #c2143c;\">\u25ba<\/span> Hogares con soporte<\/p>\n<p><span style=\"color: #c2143c;\">\u25ba<\/span> Programa de soporte a la Autonom\u00eda del propio hogar<\/p>\n<p><span style=\"color: #c2143c;\">\u25ba<\/span> Hogar Residencia<\/p>\n<\/div><div class=\"fusion-clearfix\"><\/div><\/div><\/div><div class=\"fusion-layout-column fusion_builder_column fusion-builder-column-8 fusion_builder_column_1_3 1_3 fusion-one-third\" style=\"--awb-bg-size:cover;width:33.333333333333%;width:calc(33.333333333333% - ( ( 4% + 4% ) * 0.33333333333333 ) );margin-right: 4%;\"><div class=\"fusion-column-wrapper fusion-column-has-shadow fusion-flex-column-wrapper-legacy\"><div class=\"fusion-title title fusion-title-8 fusion-sep-none fusion-title-text fusion-title-size-one\"><h1 class=\"fusion-title-heading title-heading-left\" style=\"margin:0;\"><h2 class=\"titol_nivell_1\"><strong>PREPARACI\u00d3N LABORAL<\/strong><\/h2><\/h1><\/div><div class=\"fusion-text fusion-text-8\"><p><span class=\"resaltat_nivell_2\">Actuaciones enfocadas en la formaci\u00f3n, el entrenamiento laboral, la adquisici\u00f3n h\u00e1bitos laborales y habilidades sociales, el dise\u00f1o e implementaci\u00f3n de itinerarios de inserci\u00f3n.<\/span><\/p>\n<p><span style=\"color: #c2143c;\">\u25ba<\/span> Formaci\u00f3n<\/p>\n<p><span style=\"color: #c2143c;\">\u25ba<\/span> Orientaci\u00f3n<\/p>\n<\/div><div class=\"fusion-clearfix\"><\/div><\/div><\/div><div class=\"fusion-layout-column fusion_builder_column fusion-builder-column-9 fusion_builder_column_1_3 1_3 fusion-one-third fusion-column-last\" style=\"--awb-bg-size:cover;width:33.333333333333%;width:calc(33.333333333333% - ( ( 4% + 4% ) * 0.33333333333333 ) );\"><div class=\"fusion-column-wrapper fusion-column-has-shadow fusion-flex-column-wrapper-legacy\"><div class=\"fusion-title title fusion-title-9 fusion-sep-none fusion-title-text fusion-title-size-one\"><h1 class=\"fusion-title-heading title-heading-left\" style=\"margin:0;\"><h2 class=\"titol_nivell_1\"><strong>INTERMEDIACI\u00d3N LABORAL<\/strong><\/h2><\/h1><\/div><div class=\"fusion-text fusion-text-9\"><p>Programa de inserci\u00f3n laboral, principalmente en la empresa ordinaria, dirigido a las personas en riesgo de exclusi\u00f3n social, con o sin discapacidad.<\/p>\n<p><span class=\"resaltat_nivell_2\">Trabajo con apoyo tanto con la persona trabajadora como con la empresa. Esta metodolog\u00eda de trabajo pretende facilitar la adaptaci\u00f3n de la persona trabajadora en el lugar de trabajo. Para poder conseguirlo es necesario identificar los factores de riesgo y hacer las acciones que sea necesario para prevenirlos.<\/span><\/p>\n<p><span style=\"color: #c2143c;\">\u25ba <\/span>Centro Especial de Trabajo<\/p>\n<p><span style=\"color: #c2143c;\">\u25ba <\/span>Empresa Ordinaria<\/p>\n<\/div><div class=\"fusion-clearfix\"><\/div><\/div><\/div><\/div><\/div><div class=\"fusion-fullwidth fullwidth-box fusion-builder-row-4 nonhundred-percent-fullwidth non-hundred-percent-height-scrolling\" style=\"--awb-border-radius-top-left:0px;--awb-border-radius-top-right:0px;--awb-border-radius-bottom-right:0px;--awb-border-radius-bottom-left:0px;--awb-flex-wrap:wrap;\" ><div class=\"fusion-builder-row fusion-row\"><div class=\"fusion-layout-column fusion_builder_column fusion-builder-column-10 fusion_builder_column_1_1 1_1 fusion-one-full fusion-column-first fusion-column-last\" style=\"--awb-bg-size:cover;\"><div class=\"fusion-column-wrapper fusion-column-has-shadow fusion-flex-column-wrapper-legacy\"><div class=\"fusion-sep-clear\"><\/div><div class=\"fusion-separator fusion-full-width-sep\" style=\"margin-left: auto;margin-right: auto;width:100%;\"><div class=\"fusion-separator-border sep-double\" style=\"--awb-height:20px;--awb-amount:20px;--awb-sep-color:#c30938;border-color:#c30938;border-top-width:3px;border-bottom-width:3px;\"><\/div><\/div><div class=\"fusion-sep-clear\"><\/div><div class=\"fusion-clearfix\"><\/div><\/div><\/div><div class=\"fusion-layout-column fusion_builder_column fusion-builder-column-11 fusion_builder_column_1_3 1_3 fusion-one-third fusion-column-first\" style=\"--awb-bg-size:cover;width:33.333333333333%;width:calc(33.333333333333% - ( ( 4% + 4% ) * 0.33333333333333 ) );margin-right: 4%;\"><div class=\"fusion-column-wrapper fusion-column-has-shadow fusion-flex-column-wrapper-legacy\"><div class=\"fusion-title title fusion-title-10 fusion-title-text fusion-title-size-one\"><h1 class=\"fusion-title-heading title-heading-left\" style=\"margin:0;\"><h2 style=\"text-align: left;\"><strong>ATENCI\u00d3N TERAP\u00c9UTICA <span style=\"color: #ffffff;\">TERAP\u00c8UTICA<\/span><\/strong><\/h2><\/h1><span class=\"awb-title-spacer\"><\/span><div class=\"title-sep-container\"><div class=\"title-sep sep-double sep-solid\" style=\"border-color:#e0dede;\"><\/div><\/div><\/div><div class=\"fusion-text fusion-text-10\"><p>Recursos orientados a cubrir diferentes necesidades asistenciales en salud mental a nivel de territorio.<\/p>\n<p><span style=\"color: #c2143c;\">\u25ba<\/span> CSMA Maresme nord<\/p>\n<p><span style=\"color: #c2143c;\">\u25ba<\/span> CSMA Maresme sud<\/p>\n<p><span style=\"color: #c2143c;\">\u25ba<\/span> CSMIJ Maresme nord<\/p>\n<p><span style=\"color: #c2143c;\">\u25ba<\/span> UAD<\/p>\n<p><span style=\"color: #c2143c;\">\u25ba<\/span> Hospital de d\u00eda<\/p>\n<p><span style=\"color: #c2143c;\">\u25ba<\/span> Cl\u00ednica Arenys de Munt<\/p>\n<\/div><div class=\"fusion-clearfix\"><\/div><\/div><\/div><div class=\"fusion-layout-column fusion_builder_column fusion-builder-column-12 fusion_builder_column_1_3 1_3 fusion-one-third\" style=\"--awb-bg-size:cover;width:33.333333333333%;width:calc(33.333333333333% - ( ( 4% + 4% ) * 0.33333333333333 ) );margin-right: 4%;\"><div class=\"fusion-column-wrapper fusion-column-has-shadow fusion-flex-column-wrapper-legacy\"><div class=\"fusion-title title fusion-title-11 fusion-title-text fusion-title-size-one\"><h1 class=\"fusion-title-heading title-heading-left\" style=\"margin:0;\"><h2 style=\"text-align: left;\"><strong>PROMOCI\u00d3N Y PREVENCI\u00d3N DE LA SALUD<\/strong><\/h2><\/h1><span class=\"awb-title-spacer\"><\/span><div class=\"title-sep-container\"><div class=\"title-sep sep-double sep-solid\" style=\"border-color:#e0dede;\"><\/div><\/div><\/div><div class=\"fusion-text fusion-text-11\"><p>Programas encaminados a intervenir no s\u00f3lo sobre la salud mental individual sino teniendo en cuenta la poblaci\u00f3n y las caracter\u00edsticas propias del territorio.<\/p>\n<p><span style=\"color: #c2143c;\">\u25ba<\/span> Programa carretera<\/p>\n<p><span style=\"color: #c2143c;\">\u25ba<\/span> Salud mental comunitaria<\/p>\n<\/div><div class=\"fusion-clearfix\"><\/div><\/div><\/div><div class=\"fusion-layout-column fusion_builder_column fusion-builder-column-13 fusion_builder_column_1_3 1_3 fusion-one-third fusion-column-last\" style=\"--awb-bg-size:cover;width:33.333333333333%;width:calc(33.333333333333% - ( ( 4% + 4% ) * 0.33333333333333 ) );\"><div class=\"fusion-column-wrapper fusion-column-has-shadow fusion-flex-column-wrapper-legacy\"><div class=\"fusion-title title fusion-title-12 fusion-title-text fusion-title-size-one\"><h1 class=\"fusion-title-heading title-heading-left\" style=\"margin:0;\"><h2 style=\"text-align: left;\"><strong>FORMACI\u00d3N <span style=\"color: #ffffff;\">TERAP\u00c8UTICA<\/span><span style=\"color: #ffffff;\">TERAP\u00c8UTICA<\/span><\/strong><\/h2><\/h1><span class=\"awb-title-spacer\"><\/span><div class=\"title-sep-container\"><div class=\"title-sep sep-double sep-solid\" style=\"border-color:#e0dede;\"><\/div><\/div><\/div><div class=\"fusion-text fusion-text-12\"><p>\u00a0<\/p>\n<p><span style=\"color: #c2143c;\">\u25ba<\/span> <a href=\"http:\/\/www.mastersaludmentalcomunitaria.com\/\" target=\"_blank\" rel=\"noopener\">M\u00e1ster en Salud Mental Comunitaria\u00a0<\/a><\/p>\n<\/div><div class=\"fusion-clearfix\"><\/div><\/div><\/div><\/div><\/div><\/p>","protected":false},"excerpt":{"rendered":"","protected":false},"author":1,"featured_media":0,"parent":0,"menu_order":0,"comment_status":"closed","ping_status":"closed","template":"","meta":{"footnotes":""},"class_list":["post-1054","page","type-page","status-publish","hentry"],"_links":{"self":[{"href":"https:\/\/maresmecontinuum.cat\/es\/wp-json\/wp\/v2\/pages\/1054","targetHints":{"allow":["GET"]}}],"collection":[{"href":"https:\/\/maresmecontinuum.cat\/es\/wp-json\/wp\/v2\/pages"}],"about":[{"href":"https:\/\/maresmecontinuum.cat\/es\/wp-json\/wp\/v2\/types\/page"}],"author":[{"embeddable":true,"href":"https:\/\/maresmecontinuum.cat\/es\/wp-json\/wp\/v2\/users\/1"}],"replies":[{"embeddable":true,"href":"https:\/\/maresmecontinuum.cat\/es\/wp-json\/wp\/v2\/comments?post=1054"}],"version-history":[{"count":49,"href":"https:\/\/maresmecontinuum.cat\/es\/wp-json\/wp\/v2\/pages\/1054\/revisions"}],"predecessor-version":[{"id":1663,"href":"https:\/\/maresmecontinuum.cat\/es\/wp-json\/wp\/v2\/pages\/1054\/revisions\/1663"}],"wp:attachment":[{"href":"https:\/\/maresmecontinuum.cat\/es\/wp-json\/wp\/v2\/media?parent=1054"}],"curies":[{"name":"wp","href":"https:\/\/api.w.org\/{rel}","templated":true}]}}